{"id":969,"date":"2022-09-30T20:21:04","date_gmt":"2022-09-30T20:21:04","guid":{"rendered":"https:\/\/estudiocontablecorvalan.com.ar\/?page_id=969"},"modified":"2022-10-07T04:20:45","modified_gmt":"2022-10-07T04:20:45","slug":"liquidacion-de-sueldos","status":"publish","type":"page","link":"https:\/\/estudiocontablecorvalan.com.ar\/index.php\/liquidacion-de-sueldos\/","title":{"rendered":"Liquidacion de sueldos"},"content":{"rendered":"\t\t<div data-elementor-type=\"wp-page\" data-elementor-id=\"969\" class=\"elementor elementor-969\" data-elementor-post-type=\"page\">\n\t\t\t\t\t\t<section class=\"elementor-section elementor-top-section elementor-element elementor-element-4a5def12 elementor-section-boxed elementor-section-height-default elementor-section-height-default\" data-id=\"4a5def12\" data-element_type=\"section\" data-settings=\"{&quot;background_background&quot;:&quot;classic&quot;}\">\n\t\t\t\t\t\t\t<div class=\"elementor-background-overlay\"><\/div>\n\t\t\t\t\t\t\t<div class=\"elementor-container elementor-column-gap-no\">\n\t\t\t\t\t<div class=\"elementor-column elementor-col-50 elementor-top-column elementor-element elementor-element-3a69de20\" data-id=\"3a69de20\" data-element_type=\"column\">\n\t\t\t<div class=\"elementor-widget-wrap elementor-element-populated\">\n\t\t\t\t\t\t<div class=\"elementor-element elementor-element-423cced8 elementor-widget-divider--view-line elementor-widget elementor-widget-divider\" data-id=\"423cced8\" data-element_type=\"widget\" data-widget_type=\"divider.default\">\n\t\t\t\t<div class=\"elementor-widget-container\">\n\t\t\t<style>\/*! elementor - v3.20.0 - 10-04-2024 *\/\n.elementor-widget-divider{--divider-border-style:none;--divider-border-width:1px;--divider-color:#0c0d0e;--divider-icon-size:20px;--divider-element-spacing:10px;--divider-pattern-height:24px;--divider-pattern-size:20px;--divider-pattern-url:none;--divider-pattern-repeat:repeat-x}.elementor-widget-divider .elementor-divider{display:flex}.elementor-widget-divider .elementor-divider__text{font-size:15px;line-height:1;max-width:95%}.elementor-widget-divider .elementor-divider__element{margin:0 var(--divider-element-spacing);flex-shrink:0}.elementor-widget-divider .elementor-icon{font-size:var(--divider-icon-size)}.elementor-widget-divider .elementor-divider-separator{display:flex;margin:0;direction:ltr}.elementor-widget-divider--view-line_icon .elementor-divider-separator,.elementor-widget-divider--view-line_text .elementor-divider-separator{align-items:center}.elementor-widget-divider--view-line_icon .elementor-divider-separator:after,.elementor-widget-divider--view-line_icon .elementor-divider-separator:before,.elementor-widget-divider--view-line_text .elementor-divider-separator:after,.elementor-widget-divider--view-line_text .elementor-divider-separator:before{display:block;content:\"\";border-block-end:0;flex-grow:1;border-block-start:var(--divider-border-width) var(--divider-border-style) var(--divider-color)}.elementor-widget-divider--element-align-left .elementor-divider .elementor-divider-separator>.elementor-divider__svg:first-of-type{flex-grow:0;flex-shrink:100}.elementor-widget-divider--element-align-left .elementor-divider-separator:before{content:none}.elementor-widget-divider--element-align-left .elementor-divider__element{margin-left:0}.elementor-widget-divider--element-align-right .elementor-divider .elementor-divider-separator>.elementor-divider__svg:last-of-type{flex-grow:0;flex-shrink:100}.elementor-widget-divider--element-align-right .elementor-divider-separator:after{content:none}.elementor-widget-divider--element-align-right .elementor-divider__element{margin-right:0}.elementor-widget-divider--element-align-start .elementor-divider .elementor-divider-separator>.elementor-divider__svg:first-of-type{flex-grow:0;flex-shrink:100}.elementor-widget-divider--element-align-start .elementor-divider-separator:before{content:none}.elementor-widget-divider--element-align-start .elementor-divider__element{margin-inline-start:0}.elementor-widget-divider--element-align-end .elementor-divider .elementor-divider-separator>.elementor-divider__svg:last-of-type{flex-grow:0;flex-shrink:100}.elementor-widget-divider--element-align-end .elementor-divider-separator:after{content:none}.elementor-widget-divider--element-align-end .elementor-divider__element{margin-inline-end:0}.elementor-widget-divider:not(.elementor-widget-divider--view-line_text):not(.elementor-widget-divider--view-line_icon) .elementor-divider-separator{border-block-start:var(--divider-border-width) var(--divider-border-style) var(--divider-color)}.elementor-widget-divider--separator-type-pattern{--divider-border-style:none}.elementor-widget-divider--separator-type-pattern.elementor-widget-divider--view-line .elementor-divider-separator,.elementor-widget-divider--separator-type-pattern:not(.elementor-widget-divider--view-line) .elementor-divider-separator:after,.elementor-widget-divider--separator-type-pattern:not(.elementor-widget-divider--view-line) .elementor-divider-separator:before,.elementor-widget-divider--separator-type-pattern:not([class*=elementor-widget-divider--view]) .elementor-divider-separator{width:100%;min-height:var(--divider-pattern-height);-webkit-mask-size:var(--divider-pattern-size) 100%;mask-size:var(--divider-pattern-size) 100%;-webkit-mask-repeat:var(--divider-pattern-repeat);mask-repeat:var(--divider-pattern-repeat);background-color:var(--divider-color);-webkit-mask-image:var(--divider-pattern-url);mask-image:var(--divider-pattern-url)}.elementor-widget-divider--no-spacing{--divider-pattern-size:auto}.elementor-widget-divider--bg-round{--divider-pattern-repeat:round}.rtl .elementor-widget-divider .elementor-divider__text{direction:rtl}.e-con-inner>.elementor-widget-divider,.e-con>.elementor-widget-divider{width:var(--container-widget-width,100%);--flex-grow:var(--container-widget-flex-grow)}<\/style>\t\t<div class=\"elementor-divider\">\n\t\t\t<span class=\"elementor-divider-separator\">\n\t\t\t\t\t\t<\/span>\n\t\t<\/div>\n\t\t\t\t<\/div>\n\t\t\t\t<\/div>\n\t\t\t\t<div class=\"elementor-element elementor-element-648566fd elementor-widget elementor-widget-heading\" data-id=\"648566fd\" data-element_type=\"widget\" id=\"top\" data-widget_type=\"heading.default\">\n\t\t\t\t<div class=\"elementor-widget-container\">\n\t\t\t<style>\/*! elementor - v3.20.0 - 10-04-2024 *\/\n.elementor-heading-title{padding:0;margin:0;line-height:1}.elementor-widget-heading .elementor-heading-title[class*=elementor-size-]>a{color:inherit;font-size:inherit;line-height:inherit}.elementor-widget-heading .elementor-heading-title.elementor-size-small{font-size:15px}.elementor-widget-heading .elementor-heading-title.elementor-size-medium{font-size:19px}.elementor-widget-heading .elementor-heading-title.elementor-size-large{font-size:29px}.elementor-widget-heading .elementor-heading-title.elementor-size-xl{font-size:39px}.elementor-widget-heading .elementor-heading-title.elementor-size-xxl{font-size:59px}<\/style><h1 class=\"elementor-heading-title elementor-size-default\">Liquidaci\u00f3n de sueldos<\/h1>\t\t<\/div>\n\t\t\t\t<\/div>\n\t\t\t\t\t<\/div>\n\t\t<\/div>\n\t\t\t\t<div class=\"elementor-column elementor-col-50 elementor-top-column elementor-element elementor-element-63f08a6b\" data-id=\"63f08a6b\" data-element_type=\"column\">\n\t\t\t<div class=\"elementor-widget-wrap elementor-element-populated\">\n\t\t\t\t\t\t<div class=\"elementor-element elementor-element-1b993312 elementor-widget elementor-widget-text-editor\" data-id=\"1b993312\" data-element_type=\"widget\" data-widget_type=\"text-editor.default\">\n\t\t\t\t<div class=\"elementor-widget-container\">\n\t\t\t<style>\/*! elementor - v3.20.0 - 10-04-2024 *\/\n.elementor-widget-text-editor.elementor-drop-cap-view-stacked .elementor-drop-cap{background-color:#69727d;color:#fff}.elementor-widget-text-editor.elementor-drop-cap-view-framed .elementor-drop-cap{color:#69727d;border:3px solid;background-color:transparent}.elementor-widget-text-editor:not(.elementor-drop-cap-view-default) .elementor-drop-cap{margin-top:8px}.elementor-widget-text-editor:not(.elementor-drop-cap-view-default) .elementor-drop-cap-letter{width:1em;height:1em}.elementor-widget-text-editor .elementor-drop-cap{float:left;text-align:center;line-height:1;font-size:50px}.elementor-widget-text-editor .elementor-drop-cap-letter{display:inline-block}<\/style>\t\t\t\t\t\t\t\t\t\t<\/div>\n\t\t\t\t<\/div>\n\t\t\t\t\t<\/div>\n\t\t<\/div>\n\t\t\t\t\t<\/div>\n\t\t<\/section>\n\t\t\t\t<section class=\"elementor-section elementor-top-section elementor-element elementor-element-2b2f7ba elementor-section-boxed elementor-section-height-default elementor-section-height-default\" data-id=\"2b2f7ba\" data-element_type=\"section\">\n\t\t\t\t\t\t<div class=\"elementor-container elementor-column-gap-default\">\n\t\t\t\t\t<div class=\"elementor-column elementor-col-100 elementor-top-column elementor-element elementor-element-600fada\" data-id=\"600fada\" data-element_type=\"column\">\n\t\t\t<div class=\"elementor-widget-wrap elementor-element-populated\">\n\t\t\t\t\t\t<div class=\"elementor-element elementor-element-214e319 elementor-widget elementor-widget-heading\" data-id=\"214e319\" data-element_type=\"widget\" data-widget_type=\"heading.default\">\n\t\t\t\t<div class=\"elementor-widget-container\">\n\t\t\t<h2 class=\"elementor-heading-title elementor-size-default\">Resumen<\/h2>\t\t<\/div>\n\t\t\t\t<\/div>\n\t\t\t\t\t<\/div>\n\t\t<\/div>\n\t\t\t\t\t<\/div>\n\t\t<\/section>\n\t\t\t\t<section class=\"elementor-section elementor-top-section elementor-element elementor-element-5a2a8c4 elementor-section-boxed elementor-section-height-default elementor-section-height-default\" data-id=\"5a2a8c4\" data-element_type=\"section\">\n\t\t\t\t\t\t<div class=\"elementor-container elementor-column-gap-default\">\n\t\t\t\t\t<div class=\"elementor-column elementor-col-100 elementor-top-column elementor-element elementor-element-15dd725\" data-id=\"15dd725\" data-element_type=\"column\">\n\t\t\t<div class=\"elementor-widget-wrap elementor-element-populated\">\n\t\t\t\t\t\t<div class=\"elementor-element elementor-element-d0a3722 elementor-widget elementor-widget-text-editor\" data-id=\"d0a3722\" data-element_type=\"widget\" data-widget_type=\"text-editor.default\">\n\t\t\t\t<div class=\"elementor-widget-container\">\n\t\t\t\t\t\t\t<div id=\"elementor-tab-content-8021\" class=\"elementor-tab-content elementor-clearfix elementor-active\" role=\"tabpanel\" data-tab=\"1\" aria-labelledby=\"elementor-tab-title-8021\"><p>Nuestro Estudio se encarga de llevar a cabo todo el proceso completo de liquidaci\u00f3n de sueldos\u00a0del personal. Las ventajas primordiales para su empresa que conlleva esta tercerizaci\u00f3n con profesionales en el tema son, entre otras, las siguientes:<\/p><p><b>Ahorro de costos<\/b>, ya que si bien existen en el mercado una gran cantidad de software dise\u00f1ados para tal fin, el mismo trae grandes costos asociados, tales como la contrataci\u00f3n de personal especializado, tareas de capacitaci\u00f3n, mantenimiento inform\u00e1tico del sistema, backup de la base de datos, compra de actualizaciones, etc.<\/p><p><b>Optimizaci\u00f3n de tiempo y recursos<\/b>, permiti\u00e9ndole enfocarse en otras \u00e1reas del negocio de su empresa al poder desentenderse por completo de estas tareas.<\/p><p><b>Confidencialidad<\/b>, al ser el proceso completamente manejado fuera de su empresa.<\/p><\/div>\t\t\t\t\t\t<\/div>\n\t\t\t\t<\/div>\n\t\t\t\t\t<\/div>\n\t\t<\/div>\n\t\t\t\t\t<\/div>\n\t\t<\/section>\n\t\t\t\t<section class=\"elementor-section elementor-top-section elementor-element elementor-element-36b45eb elementor-section-boxed elementor-section-height-default elementor-section-height-default\" data-id=\"36b45eb\" data-element_type=\"section\">\n\t\t\t\t\t\t<div class=\"elementor-container elementor-column-gap-default\">\n\t\t\t\t\t<div class=\"elementor-column elementor-col-100 elementor-top-column elementor-element elementor-element-6730372\" data-id=\"6730372\" data-element_type=\"column\">\n\t\t\t<div class=\"elementor-widget-wrap elementor-element-populated\">\n\t\t\t\t\t\t<div class=\"elementor-element elementor-element-9cf58de elementor-widget elementor-widget-heading\" data-id=\"9cf58de\" data-element_type=\"widget\" data-widget_type=\"heading.default\">\n\t\t\t\t<div class=\"elementor-widget-container\">\n\t\t\t<h2 class=\"elementor-heading-title elementor-size-default\">Servicios Incluidos<\/h2>\t\t<\/div>\n\t\t\t\t<\/div>\n\t\t\t\t\t<\/div>\n\t\t<\/div>\n\t\t\t\t\t<\/div>\n\t\t<\/section>\n\t\t\t\t<section class=\"elementor-section elementor-top-section elementor-element elementor-element-3bd399f elementor-section-boxed elementor-section-height-default elementor-section-height-default\" data-id=\"3bd399f\" data-element_type=\"section\">\n\t\t\t\t\t\t<div class=\"elementor-container elementor-column-gap-default\">\n\t\t\t\t\t<div class=\"elementor-column elementor-col-100 elementor-top-column elementor-element elementor-element-a05a233\" data-id=\"a05a233\" data-element_type=\"column\">\n\t\t\t<div class=\"elementor-widget-wrap elementor-element-populated\">\n\t\t\t\t\t\t<div class=\"elementor-element elementor-element-69919cb elementor-widget elementor-widget-text-editor\" data-id=\"69919cb\" data-element_type=\"widget\" data-widget_type=\"text-editor.default\">\n\t\t\t\t<div class=\"elementor-widget-container\">\n\t\t\t\t\t\t\t<div id=\"elementor-tab-title-8022\" class=\"elementor-tab-title elementor-active\" tabindex=\"0\" role=\"tab\" data-tab=\"2\" aria-controls=\"elementor-tab-content-8022\" aria-expanded=\"true\" aria-selected=\"true\">\u00a0<\/div><div id=\"elementor-tab-content-8022\" class=\"elementor-tab-content elementor-clearfix elementor-active\" role=\"tabpanel\" data-tab=\"2\" aria-labelledby=\"elementor-tab-title-8022\"><p><img decoding=\"async\" class=\"alignleft size-full wp-image-118\" src=\"http:\/\/www.estudiolutenberg.com.ar\/wp-content\/uploads\/2015\/02\/bullet.png\" alt=\"bullet\" width=\"10\" \/>Liquidaci\u00f3n de sueldos, jornales y cargas sociales<br \/><img decoding=\"async\" class=\"alignleft size-full wp-image-118\" src=\"http:\/\/www.estudiolutenberg.com.ar\/wp-content\/uploads\/2015\/02\/bullet.png\" alt=\"bullet\" width=\"10\" \/>Confecci\u00f3n y presentaci\u00f3n de declaraciones juradas y boletas de sindicatos<br \/><img decoding=\"async\" class=\"alignleft size-full wp-image-118\" src=\"http:\/\/www.estudiolutenberg.com.ar\/wp-content\/uploads\/2015\/02\/bullet.png\" alt=\"bullet\" width=\"10\" \/>Emisi\u00f3n de recibos de haberes y registraci\u00f3n en el libro de sueldos<br \/><img decoding=\"async\" class=\"alignleft size-full wp-image-118\" src=\"http:\/\/www.estudiolutenberg.com.ar\/wp-content\/uploads\/2015\/02\/bullet.png\" alt=\"bullet\" width=\"10\" \/>Liquidaciones finales<br \/><img decoding=\"async\" class=\"alignleft size-full wp-image-118\" src=\"http:\/\/www.estudiolutenberg.com.ar\/wp-content\/uploads\/2015\/02\/bullet.png\" alt=\"bullet\" width=\"10\" \/>Inscripciones varias, altas y bajas de empleados, confecci\u00f3n de certificaciones de servicios<br \/><img decoding=\"async\" class=\"alignleft size-full wp-image-118\" src=\"http:\/\/www.estudiolutenberg.com.ar\/wp-content\/uploads\/2015\/02\/bullet.png\" alt=\"bullet\" width=\"10\" \/>Asistencia en la atenci\u00f3n de inspecciones y requerimientos<br \/><img decoding=\"async\" class=\"alignleft size-full wp-image-118\" src=\"http:\/\/www.estudiolutenberg.com.ar\/wp-content\/uploads\/2015\/02\/bullet.png\" alt=\"bullet\" width=\"10\" \/>Asesoramiento proactivo sobre los distintos Convenios Colectivos de Trabajo de la actividad<br \/><img decoding=\"async\" class=\"alignleft size-full wp-image-118\" src=\"http:\/\/www.estudiolutenberg.com.ar\/wp-content\/uploads\/2015\/02\/bullet.png\" alt=\"bullet\" width=\"10\" \/>Asesoramiento en el tr\u00e1mite de r\u00fabrica de libros<\/p><\/div>\t\t\t\t\t\t<\/div>\n\t\t\t\t<\/div>\n\t\t\t\t\t<\/div>\n\t\t<\/div>\n\t\t\t\t\t<\/div>\n\t\t<\/section>\n\t\t\t\t<section class=\"elementor-section elementor-top-section elementor-element elementor-element-fca021e elementor-section-boxed elementor-section-height-default elementor-section-height-default\" data-id=\"fca021e\" data-element_type=\"section\">\n\t\t\t\t\t\t<div class=\"elementor-container elementor-column-gap-default\">\n\t\t\t\t\t<div class=\"elementor-column elementor-col-100 elementor-top-column elementor-element elementor-element-dda1161\" data-id=\"dda1161\" data-element_type=\"column\">\n\t\t\t<div class=\"elementor-widget-wrap elementor-element-populated\">\n\t\t\t\t\t\t<div class=\"elementor-element elementor-element-ed595cb elementor-align-center elementor-widget elementor-widget-button\" data-id=\"ed595cb\" data-element_type=\"widget\" data-widget_type=\"button.default\">\n\t\t\t\t<div class=\"elementor-widget-container\">\n\t\t\t\t\t<div class=\"elementor-button-wrapper\">\n\t\t\t<a class=\"elementor-button elementor-button-link elementor-size-sm\" href=\"https:\/\/estudiocontablecorvalan.com.ar\/index.php\/servicios\/\">\n\t\t\t\t\t\t<span class=\"elementor-button-content-wrapper\">\n\t\t\t\t\t\t<span class=\"elementor-button-icon elementor-align-icon-right\">\n\t\t\t\t<i aria-hidden=\"true\" class=\"fas fa-caret-right\"><\/i>\t\t\t<\/span>\n\t\t\t\t\t\t<span class=\"elementor-button-text\">Todos los servicios<\/span>\n\t\t<\/span>\n\t\t\t\t\t<\/a>\n\t\t<\/div>\n\t\t\t\t<\/div>\n\t\t\t\t<\/div>\n\t\t\t\t\t<\/div>\n\t\t<\/div>\n\t\t\t\t\t<\/div>\n\t\t<\/section>\n\t\t\t\t<\/div>\n\t\t","protected":false},"excerpt":{"rendered":"<p>Liquidaci\u00f3n de sueldos Resumen Nuestro Estudio se encarga de llevar a cabo todo el proceso completo de liquidaci\u00f3n de sueldos\u00a0del personal. Las ventajas primordiales para su empresa que conlleva esta tercerizaci\u00f3n con profesionales en el tema son, entre otras, las siguientes: Ahorro de costos, ya que si bien existen en el mercado una gran cantidad &hellip;<\/p>\n<p class=\"read-more\"> <a class=\"\" href=\"https:\/\/estudiocontablecorvalan.com.ar\/index.php\/liquidacion-de-sueldos\/\"> <span class=\"screen-reader-text\">Liquidacion de sueldos<\/span> Leer m\u00e1s &raquo;<\/a><\/p>\n","protected":false},"author":1,"featured_media":0,"parent":0,"menu_order":0,"comment_status":"closed","ping_status":"closed","template":"","meta":{"om_disable_all_campaigns":false,"_monsterinsights_skip_tracking":false,"_monsterinsights_sitenote_active":false,"_monsterinsights_sitenote_note":"","_monsterinsights_sitenote_category":0,"site-sidebar-layout":"no-sidebar","site-content-layout":"page-builder","ast-global-header-display":"","ast-main-header-display":"","ast-hfb-above-header-display":"","ast-hfb-below-header-display":"","ast-hfb-mobile-header-display":"","site-post-title":"disabled","ast-breadcrumbs-content":"","ast-featured-img":"disabled","footer-sml-layout":"","theme-transparent-header-meta":"","adv-header-id-meta":"","stick-header-meta":"","header-above-stick-meta":"","header-main-stick-meta":"","header-below-stick-meta":"","_joinchat":[],"footnotes":""},"class_list":["post-969","page","type-page","status-publish","hentry"],"_links":{"self":[{"href":"https:\/\/estudiocontablecorvalan.com.ar\/index.php\/wp-json\/wp\/v2\/pages\/969","targetHints":{"allow":["GET"]}}],"collection":[{"href":"https:\/\/estudiocontablecorvalan.com.ar\/index.php\/wp-json\/wp\/v2\/pages"}],"about":[{"href":"https:\/\/estudiocontablecorvalan.com.ar\/index.php\/wp-json\/wp\/v2\/types\/page"}],"author":[{"embeddable":true,"href":"https:\/\/estudiocontablecorvalan.com.ar\/index.php\/wp-json\/wp\/v2\/users\/1"}],"replies":[{"embeddable":true,"href":"https:\/\/estudiocontablecorvalan.com.ar\/index.php\/wp-json\/wp\/v2\/comments?post=969"}],"version-history":[{"count":10,"href":"https:\/\/estudiocontablecorvalan.com.ar\/index.php\/wp-json\/wp\/v2\/pages\/969\/revisions"}],"predecessor-version":[{"id":1145,"href":"https:\/\/estudiocontablecorvalan.com.ar\/index.php\/wp-json\/wp\/v2\/pages\/969\/revisions\/1145"}],"wp:attachment":[{"href":"https:\/\/estudiocontablecorvalan.com.ar\/index.php\/wp-json\/wp\/v2\/media?parent=969"}],"curies":[{"name":"wp","href":"https:\/\/api.w.org\/{rel}","templated":true}]}}